{"id":100,"date":"2022-03-03T10:43:13","date_gmt":"2022-03-03T10:43:13","guid":{"rendered":"https:\/\/www.zsbiala.type.pl\/wordpress\/?page_id=100"},"modified":"2022-03-03T10:43:13","modified_gmt":"2022-03-03T10:43:13","slug":"podstawa-programowa","status":"publish","type":"page","link":"https:\/\/www.zsbiala.pl\/?page_id=100","title":{"rendered":"Podstawa programowa"},"content":{"rendered":"\n<p>Podstawa programowa wychowania przedszkolnego oraz kszta\u0142cenia og\u00f3lnego dla szko\u0142y podstawowej. &#8211; <a href=\"http:\/\/isap.sejm.gov.pl\/isap.nsf\/download.xsp\/WDU20170000356\/O\/D20170356.pdf\" target=\"_blank\" rel=\"noreferrer noopener\">POBIERZ<\/a><\/p>\n","protected":false},"excerpt":{"rendered":"<p>Podstawa programowa wychowania przedszkolnego oraz kszta\u0142cenia og\u00f3lnego dla szko\u0142y podstawowej. &#8211; POBIERZ<\/p>\n","protected":false},"author":1,"featured_media":0,"parent":0,"menu_order":0,"comment_status":"closed","ping_status":"closed","template":"","meta":{"footnotes":""},"class_list":["post-100","page","type-page","status-publish","hentry"],"_links":{"self":[{"href":"https:\/\/www.zsbiala.pl\/index.php?rest_route=\/wp\/v2\/pages\/100","targetHints":{"allow":["GET"]}}],"collection":[{"href":"https:\/\/www.zsbiala.pl\/index.php?rest_route=\/wp\/v2\/pages"}],"about":[{"href":"https:\/\/www.zsbiala.pl\/index.php?rest_route=\/wp\/v2\/types\/page"}],"author":[{"embeddable":true,"href":"https:\/\/www.zsbiala.pl\/index.php?rest_route=\/wp\/v2\/users\/1"}],"replies":[{"embeddable":true,"href":"https:\/\/www.zsbiala.pl\/index.php?rest_route=%2Fwp%2Fv2%2Fcomments&post=100"}],"version-history":[{"count":1,"href":"https:\/\/www.zsbiala.pl\/index.php?rest_route=\/wp\/v2\/pages\/100\/revisions"}],"predecessor-version":[{"id":101,"href":"https:\/\/www.zsbiala.pl\/index.php?rest_route=\/wp\/v2\/pages\/100\/revisions\/101"}],"wp:attachment":[{"href":"https:\/\/www.zsbiala.pl\/index.php?rest_route=%2Fwp%2Fv2%2Fmedia&parent=100"}],"curies":[{"name":"wp","href":"https:\/\/api.w.org\/{rel}","templated":true}]}}