{"id":104,"date":"2022-03-03T10:47:00","date_gmt":"2022-03-03T10:47:00","guid":{"rendered":"https:\/\/www.zsbiala.type.pl\/wordpress\/?page_id=104"},"modified":"2022-03-03T10:47:00","modified_gmt":"2022-03-03T10:47:00","slug":"1-dla-szkol","status":"publish","type":"page","link":"https:\/\/www.zsbiala.pl\/?page_id=104","title":{"rendered":"1% dla szk\u00f3\u0142"},"content":{"rendered":"\n<figure class=\"wp-block-image\"><img decoding=\"async\" src=\"http:\/\/zsbiala.type.pl\/joomla\/images\/skanowanie0036.jpg\" alt=\"\"\/><\/figure>\n\n\n\n<figure class=\"wp-block-image\"><img decoding=\"async\" src=\"http:\/\/zsbiala.type.pl\/joomla\/images\/skanowanie0037.jpg\" alt=\"\"\/><\/figure>\n\n\n\n<p>Oto podstawowe za\u0142o\u017cenia programu:<\/p>\n\n\n\n<p>Akcja trwa w okresie sk\u0142adania zezna\u0144 podatkowych PIT za rok 2013,tj. do 30 kwietnia 2014.<br>Podatnicy nie musz\u0105 wysy\u0142a\u0107 pieni\u0119dzy przelewem na konto OPP, a p\u00f3\u017aniej czeka\u0107 na zwrot z Urz\u0119du Skarbowego. Wystarczy w deklaracji PIT wpisa\u0107 nazw\u0119 organizacji, poda\u0107 jej numer KRS i okre\u015bli\u0107 1% podatku! To wszystko &#8211; \u017cadnych dodatkowych dokument\u00f3w, procedur ani czekania. Urz\u0105d Skarbowy zajmuje si\u0119 reszt\u0105 sam.<br>Przekazuj\u0105c 1% podatku na szko\u0142\u0119 nie naruszamy bud\u017cetu domowego, gdy\u017c zgromadzone \u015brodki pochodz\u0105 ze skarbu pa\u0144stwa, kt\u00f3re zamiast trafi\u0107 w ca\u0142o\u015bci do Urz\u0119du Skarbowego, wr\u00f3c\u0105 do dzieci w postaci zakupionych pomocy rzeczowych.<\/p>\n\n\n\n<p>Dlatego te\u017c apelujemy do Was Drodzy Rodzice o pomoc i wsparcie tego programu poprzez jego propagowanie<\/p>\n\n\n\n<p>i przekazywanie 1% podatku na rzecz OPP, kt\u00f3re na mocy zawartej ze szko\u0142\u0105 umowy &#8211; zagwarantuje udzielenie pomocy.<\/p>\n\n\n\n<p>PRZEKA\u017b 1% SWOJEGO PODATKU NA RZECZ NASZEJ SZKO\u0141Y !!!<\/p>\n\n\n\n<p><a href=\"http:\/\/www.eopp.pl\/151\/PitProjekt2013Setup.exe\" target=\"_blank\" rel=\"noreferrer noopener\">Darmowy program do rozliczenia PIT<\/a><\/p>\n\n\n\n<p>Dane kontaktowe Fundacji:<\/p>\n\n\n\n<p>Fundacja Studencka \u201eM\u0142odzi-M\u0142odym&#8221;<\/p>\n\n\n\n<p>Organizacja Po\u017cytku Publicznego (OPP)<\/p>\n\n\n\n<p>KRS 0000270261<\/p>\n\n\n\n<p>ul. Jankowskiego 32\/40\/5<\/p>\n","protected":false},"excerpt":{"rendered":"<p>Oto podstawowe za\u0142o\u017cenia programu: Akcja trwa w okresie sk\u0142adania zezna\u0144 podatkowych PIT za rok 2013,tj. do 30 kwietnia 2014.Podatnicy nie musz\u0105 wysy\u0142a\u0107 pieni\u0119dzy przelewem na konto OPP, a p\u00f3\u017aniej czeka\u0107 na zwrot z Urz\u0119du Skarbowego. Wystarczy w deklaracji PIT wpisa\u0107 &hellip; <a href=\"https:\/\/www.zsbiala.pl\/?page_id=104\">Czytaj dalej <span class=\"meta-nav\">&rarr;<\/span><\/a><\/p>\n","protected":false},"author":1,"featured_media":0,"parent":0,"menu_order":0,"comment_status":"closed","ping_status":"closed","template":"","meta":{"footnotes":""},"class_list":["post-104","page","type-page","status-publish","hentry"],"_links":{"self":[{"href":"https:\/\/www.zsbiala.pl\/index.php?rest_route=\/wp\/v2\/pages\/104","targetHints":{"allow":["GET"]}}],"collection":[{"href":"https:\/\/www.zsbiala.pl\/index.php?rest_route=\/wp\/v2\/pages"}],"about":[{"href":"https:\/\/www.zsbiala.pl\/index.php?rest_route=\/wp\/v2\/types\/page"}],"author":[{"embeddable":true,"href":"https:\/\/www.zsbiala.pl\/index.php?rest_route=\/wp\/v2\/users\/1"}],"replies":[{"embeddable":true,"href":"https:\/\/www.zsbiala.pl\/index.php?rest_route=%2Fwp%2Fv2%2Fcomments&post=104"}],"version-history":[{"count":1,"href":"https:\/\/www.zsbiala.pl\/index.php?rest_route=\/wp\/v2\/pages\/104\/revisions"}],"predecessor-version":[{"id":105,"href":"https:\/\/www.zsbiala.pl\/index.php?rest_route=\/wp\/v2\/pages\/104\/revisions\/105"}],"wp:attachment":[{"href":"https:\/\/www.zsbiala.pl\/index.php?rest_route=%2Fwp%2Fv2%2Fmedia&parent=104"}],"curies":[{"name":"wp","href":"https:\/\/api.w.org\/{rel}","templated":true}]}}