{"id":108,"date":"2022-03-03T10:49:48","date_gmt":"2022-03-03T10:49:48","guid":{"rendered":"https:\/\/www.zsbiala.type.pl\/wordpress\/?page_id=108"},"modified":"2024-05-08T10:52:54","modified_gmt":"2024-05-08T10:52:54","slug":"rodo","status":"publish","type":"page","link":"https:\/\/www.zsbiala.pl\/?page_id=108","title":{"rendered":"RODO"},"content":{"rendered":"\n<p>KLAUZULA INFORMACYJNA DOTYCZ\u0104CA PRZETWARZANIA WIZERUNKU (MONITORING WIZYJNY)- <a href=\"https:\/\/www.zsbiala.pl\/wp-content\/uploads\/2024\/05\/Klauzula-informacyjna-monitoring-wizyjny.pdf\">pobierz<\/a><\/p>\n\n\n\n<p>KLAUZULA INFORMACYJNA &#8211; RODO- <a href=\"https:\/\/www.zsbiala.pl\/wp-content\/uploads\/2024\/05\/Klauzula-RODO.pdf\" data-type=\"URL\" target=\"_blank\" rel=\"noreferrer noopener\">pobierz<\/a><\/p>\n\n\n\n<p>POLITYKA PRYWATNO\u015aCI &#8211; <a href=\"https:\/\/www.zsbiala.type.pl\/wordpress\/wp-content\/uploads\/2022\/06\/Polityka-prywatnosci.pdf\" target=\"_blank\" rel=\"noreferrer noopener\">pobierz<\/a><\/p>\n\n\n\n<p>INSPEKTOR DANYCH OSOBOWYCH &#8211; Aleksandra Cnota-Miko\u0142ajec, <\/p>\n\n\n\n<p>adres e-mail: iod@eduodo.pl, aleksandra@eduodo.pl<\/p>\n\n\n","protected":false},"excerpt":{"rendered":"<p>KLAUZULA INFORMACYJNA DOTYCZ\u0104CA PRZETWARZANIA WIZERUNKU (MONITORING WIZYJNY)- pobierz KLAUZULA INFORMACYJNA &#8211; RODO- pobierz POLITYKA PRYWATNO\u015aCI &#8211; pobierz INSPEKTOR DANYCH OSOBOWYCH &#8211; Aleksandra Cnota-Miko\u0142ajec, adres e-mail: iod@eduodo.pl, aleksandra@eduodo.pl<\/p>\n","protected":false},"author":1,"featured_media":0,"parent":0,"menu_order":0,"comment_status":"closed","ping_status":"closed","template":"","meta":{"footnotes":""},"class_list":["post-108","page","type-page","status-publish","hentry"],"_links":{"self":[{"href":"https:\/\/www.zsbiala.pl\/index.php?rest_route=\/wp\/v2\/pages\/108","targetHints":{"allow":["GET"]}}],"collection":[{"href":"https:\/\/www.zsbiala.pl\/index.php?rest_route=\/wp\/v2\/pages"}],"about":[{"href":"https:\/\/www.zsbiala.pl\/index.php?rest_route=\/wp\/v2\/types\/page"}],"author":[{"embeddable":true,"href":"https:\/\/www.zsbiala.pl\/index.php?rest_route=\/wp\/v2\/users\/1"}],"replies":[{"embeddable":true,"href":"https:\/\/www.zsbiala.pl\/index.php?rest_route=%2Fwp%2Fv2%2Fcomments&post=108"}],"version-history":[{"count":8,"href":"https:\/\/www.zsbiala.pl\/index.php?rest_route=\/wp\/v2\/pages\/108\/revisions"}],"predecessor-version":[{"id":3042,"href":"https:\/\/www.zsbiala.pl\/index.php?rest_route=\/wp\/v2\/pages\/108\/revisions\/3042"}],"wp:attachment":[{"href":"https:\/\/www.zsbiala.pl\/index.php?rest_route=%2Fwp%2Fv2%2Fmedia&parent=108"}],"curies":[{"name":"wp","href":"https:\/\/api.w.org\/{rel}","templated":true}]}}