{"id":110,"date":"2022-03-03T10:51:14","date_gmt":"2022-03-03T10:51:14","guid":{"rendered":"https:\/\/www.zsbiala.type.pl\/wordpress\/?page_id=110"},"modified":"2022-03-03T10:51:14","modified_gmt":"2022-03-03T10:51:14","slug":"projekty-efs","status":"publish","type":"page","link":"https:\/\/www.zsbiala.pl\/?page_id=110","title":{"rendered":"PROJEKTY EFS"},"content":{"rendered":"\n<figure class=\"wp-block-image\"><img decoding=\"async\" src=\"http:\/\/zsbiala.type.pl\/joomla\/images\/EFS.png\" alt=\"\"\/><\/figure>\n\n\n\n<p>Projekt&nbsp;<strong>\u201eSzko\u0142a eksperymentu w Gminie K\u0142obuck\u201d<\/strong>&nbsp;wsp\u00f3\u0142finansowany jest ze \u015brodk\u00f3w Unii Europejskiej w ramach Europejskiego Funduszu Spo\u0142ecznego, Regionalnego Programu Operacyjnego Wojew\u00f3dztwa \u015al\u0105skiego, Priorytet XI. Wzmocnienie potencja\u0142u edukacyjnego, Dzia\u0142anie 11.1. Ograniczenie przedwczesnego ko\u0144czenia nauki szkolnej oraz zapewnienie r\u00f3wnego dost\u0119pu do dobrej jako\u015bci edukacji elementarnej, kszta\u0142cenia podstawowego i \u015bredniego, Poddzia\u0142anie 11.1.4. Poprawa efektywno\u015bci kszta\u0142cenia og\u00f3lnego.<br><br>Okres realizacji: od<strong>&nbsp;1.09.2018<\/strong>&nbsp;r. do&nbsp;<strong>31.12.2020<\/strong>&nbsp;r.<br>&nbsp;<br>Celem projektu jest rozwini\u0119cie potencja\u0142u, kompetencji kluczowych uczni\u00f3w i wyr\u00f3wnanie szans edukacyjnych szk\u00f3\u0142 o najni\u017cszych wynikach edukacyjnych w skali regionu poprzez zniwelowanie trudno\u015bci spo\u0142ecznych, edukacyjnych oraz zindywidualizowanie podej\u015bcia do uczni\u00f3w, w tym o specjalnych potrzebach edukacyjnych. Za\u0142o\u017cenia projektu zostan\u0105 spe\u0142nione poprzez wdro\u017cenie metody eksperymentu w 4 szko\u0142ach podstawowych realizuj\u0105cych projekt.<br>&nbsp;<br>Grup\u0119 docelow\u0105, do kt\u00f3rej adresowane jest wsparcie w ramach Projektu stanowi\u0105: uczniowie i kadra Szk\u00f3\u0142 Podstawowych w Bia\u0142ej, Kamyku, Libidzy i \u0141obodnie.<br>Udzia\u0142 w projekcie jest bezp\u0142atny.<br><br><strong>Beneficjent:<\/strong>&nbsp;Gmina K\u0142obuck<br><br><strong>Ca\u0142kowita warto\u015b\u0107 projektu:<\/strong>&nbsp;903 191,06 PLN<br><strong>Dofinansowanie:<\/strong>&nbsp;812 871,95 PLN, w tym:<br>\u2013 wk\u0142ad Funduszy Europejskich: 767 712,40 PLN<br>\u2013 wk\u0142ad bud\u017cetu krajowego: 45 159,55 PLN<br><strong>Wk\u0142ad w\u0142asny Beneficjenta (rzeczowy):<\/strong>&nbsp;90 319,11 PLN<br><br><strong>Realizatorzy projektu:<\/strong><br>1) Szko\u0142a Podstawowa w Bia\u0142ej,<br>2) Szko\u0142a Podstawowa w Kamyku,<br>3) Szko\u0142a Podstawowa w Libidzy,<br>4) Szko\u0142a Podstawowa w \u0141obodnie.<br><br><strong>Biuro projektu:<\/strong><br>Urz\u0105d Miejski w K\u0142obucku<br>ul. 11 Listopada 6<br>42-100 K\u0142obuck<\/p>\n","protected":false},"excerpt":{"rendered":"<p>Projekt&nbsp;\u201eSzko\u0142a eksperymentu w Gminie K\u0142obuck\u201d&nbsp;wsp\u00f3\u0142finansowany jest ze \u015brodk\u00f3w Unii Europejskiej w ramach Europejskiego Funduszu Spo\u0142ecznego, Regionalnego Programu Operacyjnego Wojew\u00f3dztwa \u015al\u0105skiego, Priorytet XI. Wzmocnienie potencja\u0142u edukacyjnego, Dzia\u0142anie 11.1. Ograniczenie przedwczesnego ko\u0144czenia nauki szkolnej oraz zapewnienie r\u00f3wnego dost\u0119pu do dobrej jako\u015bci edukacji &hellip; <a href=\"https:\/\/www.zsbiala.pl\/?page_id=110\">Czytaj dalej <span class=\"meta-nav\">&rarr;<\/span><\/a><\/p>\n","protected":false},"author":1,"featured_media":0,"parent":0,"menu_order":0,"comment_status":"closed","ping_status":"closed","template":"","meta":{"footnotes":""},"class_list":["post-110","page","type-page","status-publish","hentry"],"_links":{"self":[{"href":"https:\/\/www.zsbiala.pl\/index.php?rest_route=\/wp\/v2\/pages\/110","targetHints":{"allow":["GET"]}}],"collection":[{"href":"https:\/\/www.zsbiala.pl\/index.php?rest_route=\/wp\/v2\/pages"}],"about":[{"href":"https:\/\/www.zsbiala.pl\/index.php?rest_route=\/wp\/v2\/types\/page"}],"author":[{"embeddable":true,"href":"https:\/\/www.zsbiala.pl\/index.php?rest_route=\/wp\/v2\/users\/1"}],"replies":[{"embeddable":true,"href":"https:\/\/www.zsbiala.pl\/index.php?rest_route=%2Fwp%2Fv2%2Fcomments&post=110"}],"version-history":[{"count":1,"href":"https:\/\/www.zsbiala.pl\/index.php?rest_route=\/wp\/v2\/pages\/110\/revisions"}],"predecessor-version":[{"id":111,"href":"https:\/\/www.zsbiala.pl\/index.php?rest_route=\/wp\/v2\/pages\/110\/revisions\/111"}],"wp:attachment":[{"href":"https:\/\/www.zsbiala.pl\/index.php?rest_route=%2Fwp%2Fv2%2Fmedia&parent=110"}],"curies":[{"name":"wp","href":"https:\/\/api.w.org\/{rel}","templated":true}]}}