{"id":134,"date":"2022-03-03T13:26:11","date_gmt":"2022-03-03T13:26:11","guid":{"rendered":"https:\/\/www.zsbiala.type.pl\/wordpress\/?page_id=134"},"modified":"2022-03-03T13:26:11","modified_gmt":"2022-03-03T13:26:11","slug":"wydarzenia-z-zycia-biblioteki","status":"publish","type":"page","link":"https:\/\/www.zsbiala.pl\/?page_id=134","title":{"rendered":"Wydarzenia z \u017cycia biblioteki"},"content":{"rendered":"\n<figure class=\"wp-block-image\"><img decoding=\"async\" src=\"http:\/\/zsbiala.type.pl\/joomla\/images\/qwer.jpg\" alt=\"\"\/><\/figure>\n\n\n\n<p><strong>Laureaci konkursu &#8222;Moja wakacyjna lektura&#8221;<\/strong> &nbsp; &nbsp; &nbsp; &nbsp; Klasy 1,2: 1 miejsce: Bart\u0142omiej Wojciechowski, klasa 2 2 miejsce: Nikola Mrowiec, klasa2 3 miejsce: Maja Chrz\u0105stek &#8211; Dudek, klasa 2 Klasy 4&nbsp; &#8211; 6: 1 miejsce: Patrycja Kiepura, klasa 4 2 miejsce:&nbsp; Julia Poraj &#8211; Ko\u017ami\u0144ska, klasa 4 3 miejsce: Daria Rygalik, klasa 5 <strong>Serdecznie dzi\u0119kuj\u0119 wszystkim uczestnikom konkursu.<\/strong><strong>Laureatom gratuluj\u0119 serdecznie<\/strong>. Nauczyciel bibliotekarz &#8211; Ksymena \u017burawska<\/p>\n\n\n\n<figure class=\"wp-block-image\"><img decoding=\"async\" src=\"http:\/\/zsbiala.type.pl\/joomla\/images\/KK.jpg\" alt=\"\"\/><\/figure>\n\n\n\n<p><strong>OG\u00d3LNOPOLSKI DZIE\u0143 G\u0141O\u015aNEGO CZYTANIA<\/strong> 28 wrze\u015bnia odby\u0142 si\u0119 w naszej szkole Og\u00f3lnopolski Dzie\u0144 G\u0142o\u015bnego Czytania. Nauczyciele prowadz\u0105cy zaj\u0119cia czytali uczniom fragmenty wybranych przez siebie ksi\u0105\u017cek. Wcze\u015bniej, w dniu 27 wrze\u015bnia uczniowie klasy trzeciej gimnazjum czytali dzieciom z klasy pierwszej i drugiej \u201ePrzygody S\u0142odziak\u00f3w\u201d. By\u0142 to Og\u00f3lnopolski Dzie\u0144 G\u0142o\u015bnego Czytania z Gangiem S\u0142odziak\u00f3w. Uczniowie z klasy I Szko\u0142y Podstawowej&nbsp; wzi\u0119li udzia\u0142 w konkursie \u201eSzkolne Przygody Gangu S\u0142odziak\u00f3w\u201d. Niekt\u00f3rzy uczniowie przebrali si\u0119&nbsp; za S\u0142odziaki. W klasach IV- VI&nbsp; odby\u0142o si\u0119 tak\u017ce czytanie wybranych fragment\u00f3w przyg\u00f3d S\u0142odziak\u00f3w. W galerii prac uczniowskich znalaz\u0142y si\u0119 portrety S\u0142odziak\u00f3w, wykonane przez uczni\u00f3w klasy I. Dzieci odgrywa\u0142y r\u00f3wnie\u017c scenki dramowe , wcielaj\u0105c si\u0119 w role swoich ulubionych bohater\u00f3w \u2013 S\u0142odziak\u00f3w. Akcje czytelnicze powsta\u0142y dzi\u0119ki wsp\u00f3\u0142dzia\u0142aniu wychowawc\u00f3w, nauczycieli klasy 1 i 3 oraz nauczyciela bibilotekarza.<\/p>\n\n\n\n<p><strong>CZYTAMY \u201ePRZEDWIO\u015aNIE\u201d STEFANA \u017bEROMSKIEGO<\/strong><\/p>\n\n\n\n<figure class=\"wp-block-image\"><img decoding=\"async\" src=\"http:\/\/zsbiala.type.pl\/joomla\/images\/5b868bed98c85_osize969x565q71h2146e8.jpg\" alt=\"\"\/><\/figure>\n\n\n\n<p>We wrze\u015bniu uczniowie Szko\u0142y Podstawowej w Bia\u0142ej w\u0142\u0105czyli si\u0119 w Narodowe Czytanie \u201ePrzedwio\u015bnia\u201dS.\u017beromskiego. Tegoroczn\u0105 akcj\u0119, kt\u00f3ra jest cz\u0119\u015bci\u0105 obchod\u00f3w stulecia odzyskania przez Polsk\u0119 niepodleg\u0142o\u015bci, prezydent z pierwsz\u0105 dam\u0105 zainaugurowali<\/p>\n\n\n\n<p>w warszawskim Ogrodzie Saskim. W tym roku Narodowe Czytanie odby\u0142o si\u0119 w oko\u0142o trzech tysi\u0105cach miejsc w ca\u0142ym kraju.<\/p>\n\n\n\n<p>W Bia\u0142ej przyst\u0105pili do niego uczniowie z klasy trzeciej gimnazjum, si\u00f3dmej i \u00f3smej Szko\u0142y Podstawowej.<\/p>\n\n\n\n<p>Pani dyrektor \u2013 Ma\u0142gorzata Zander \u2013 Skwarczy\u0144ska przywita\u0142a wszystkich uczestnik\u00f3w.<\/p>\n\n\n\n<p>Ka\u017cdy z nich czyta\u0142 wybrany fragment ksi\u0105\u017cki.<\/p>\n\n\n\n<p>Dzi\u0119ki tej akcji uczniowie zapoznali si\u0119 bli\u017cej z tre\u015bci\u0105 dzie\u0142a S.\u017beromskiego.<\/p>\n\n\n\n<p>Najlepiej czytaj\u0105cymi uczniami okazali si\u0119: Bartosz Koci\u0144ski, Emilia Kowalik, Szymon G\u0119siarz&nbsp; &#8211; z klasy trzeciej gimnazjum; Krystian Kuc \u2013 z klasy \u00f3smej oraz Julia Kiepura<\/p>\n\n\n\n<p>i Wiktor Ta\u0142ajczyk z klasy si\u00f3dmej Szko\u0142y Podstawowej.<\/p>\n\n\n\n<p>Uczniowie mogli tak\u017ce zapozna\u0107 si\u0119 z informacjami o pisarzu i jego dziele podczas ogl\u0105dania wystawki, po\u015bwi\u0119conej tej tematyce.<\/p>\n\n\n\n<p>W akcj\u0119 czytelnicz\u0105 zaanga\u017cowane by\u0142y: p. Aneta G\u0119siarz \u2013 nauczycielka j\u0119zyka polskiego oraz Ksymena&nbsp; \u017burawska \u2013 nauczyciel bibliotekarz.<\/p>\n\n\n\n<h2 class=\"wp-block-heading\"><strong>Z WIZYT\u0104 W BIBLIOTECE- KAMYK<\/strong><\/h2>\n\n\n\n<p>W dniu 13 czerwca uczennice klasy sz\u00f3stej z aktywu bibliotecznego uda\u0142y si\u0119<\/p>\n\n\n\n<p>do Biblioteki Publicznej Gminy K\u0142obuck Filia w Kamyku.<\/p>\n\n\n\n<p>Pani bibliotekarka \u2013 Kinga Syguda zapozna\u0142a je z histori\u0105 biblioteki. Ciekawym elementem by\u0142o przegl\u0105danie bogatego&nbsp; ksi\u0119gozbioru oraz nowo\u015bci wydawniczych. W bibliotece dzia\u0142a tak\u017ce Dyskusyjny Klub Ksi\u0105\u017cki. Podczas spotka\u0144 cz\u0142onkowie dyskutuj\u0105 na temat wybranej pozycji.<\/p>\n\n\n\n<p>&nbsp;Uczennice rozwi\u0105zywa\u0142y tak\u017ce zagadki, \u0142\u0105cz\u0105ce si\u0119 z elementami wiedzy o ksi\u0105\u017cce.<\/p>\n\n\n\n<p>W zwi\u0105zku z og\u00f3lnopolsk\u0105 akcj\u0105 czytania Je\u017cycjady Ma\u0142gorzaty Musierowicz, nast\u0105pi\u0142a tak\u017ce wymiana informacji, \u0142\u0105cz\u0105cych si\u0119 z ni\u0105. Ksymena \u017burawska \u2013 nauczyciel bibliotekarz, pod kt\u00f3rej opiek\u0105 uczennice uda\u0142y si\u0119 do&nbsp; biblioteki, podzieli\u0142a si\u0119 swoimi refleksjami<\/p>\n\n\n\n<p>&nbsp;z uczestniczenia w akcji z uczniami szko\u0142y.<\/p>\n\n\n\n<p>Bibliotek\u0119 odwiedzi\u0142y: Julia Kiepura, Emilia Maj i Julia Noco\u0144.<\/p>\n\n\n\n<h2 class=\"wp-block-heading\"><strong>R\u00d3\u017bNE OBLICZA MI\u0141O\u015aCI<\/strong><\/h2>\n\n\n\n<p>W dniu 11 czerwca uczniowie klasy sz\u00f3stej i si\u00f3dmej zaprezentowali rodzicom monta\u017c poetycki pt.: ,,R\u00f3\u017cne oblicza mi\u0142o\u015bci&#8221;. Nawi\u0105zali w nim do my\u015bli Jana Paw\u0142a II&nbsp; i tekst\u00f3w<\/p>\n\n\n\n<p>o mi\u0142o\u015bci, np.: Hymnu \u015bw. Paw\u0142a. Recytowali&nbsp; tak\u017ce wiersze&nbsp; znanych poet\u00f3w &#8211;&nbsp; Konstantego Ildefonsa Ga\u0142czy\u0144skiego, Ma\u0142gorzaty Hillar czy Jonasza Kofty.<\/p>\n\n\n\n<p>Nowatorskim elementem by\u0142o przedstawianie scenek dramowych, dok\u0142adniej wykorzystanie pantonimy. Ogl\u0105daj\u0105c je, widzowie u\u015bwiadamiali sobie, jakie s\u0105 podstawowe cechy mi\u0142o\u015bci. Brak s\u0142\u00f3w, przedstawianie scen za pomoc\u0105 gest\u00f3w,&nbsp; w\u0142a\u015bciwe wykorzystanie rekwizyt\u00f3w &#8211; wymaga\u0142y od m\u0142odych aktor\u00f3w du\u017cej koncentracji i zaanga\u017cowania.<\/p>\n\n\n\n<p>Kolejnym elementem by\u0142o przedstawienie Literackich Kulinari\u00f3w czyli zapoznanie rodzic\u00f3w z tym, co lubili jada\u0107 wybrani pisarze i poeci.<\/p>\n\n\n\n<p>M\u0142odym aktorom pomaga\u0142y panie &#8211; Lucyna Targosz i Ksymena \u017burawska.<\/p>\n\n\n\n<p>Dzia\u0142anie to jest elementem realizacji Narodowego Programu Rozwoju Czytelnictwa.&nbsp;<\/p>\n\n\n\n<h2 class=\"wp-block-heading\"><strong>JAK NIE CZYTAM, JAK CZYTAM &#8211; OG\u00d3LNOPOLSKIE CZYTANIE<\/strong><\/h2>\n\n\n\n<p>W dniu 4 czerwca uczniowie z naszej szko\u0142y w\u0142\u0105czyli si\u0119 w Og\u00f3lnopolsk\u0105 Akcj\u0119 ,,Jak nie czytam, jak czytam&#8221;.Ma ona na celu promowanie czytelnictwa.<\/p>\n\n\n\n<p>Ka\u017cdy z uczestnik\u00f3w przyni\u00f3s\u0142 ze sob\u0105 ulubion\u0105 ksi\u0105\u017ck\u0119.<\/p>\n\n\n\n<p>S\u0142oneczna pogoda sprzyja\u0142a czytaniu w plenerze, dlatego ca\u0142o\u015b\u0107 akcji odby\u0142a si\u0119 na \u015bwie\u017cym powietrzu.<\/p>\n\n\n\n<p>Imprez\u0119 rozpocz\u0119\u0142a Pani Dyrektor &#8211; mgr Ma\u0142gorzata Zander &#8211; Skwarczy\u0144ska.<\/p>\n\n\n\n<p>Uczniowie prezentowali ksi\u0105\u017ck\u0119 i czytali fragment tekstu.<\/p>\n\n\n\n<p>Naszymi go\u015b\u0107mi by\u0142y Panie: Edyta Sendal i Zofia \u015awi\u0105tecka z Publicznej Biblioteki Pedagogicznej RODN ,,WOM&#8221;<\/p>\n\n\n\n<p>w Cz\u0119stochowie Filia w K\u0142obucku.To dzi\u0119ki nim akcja zosta\u0142a wzbogacona o bardzo ciekawy konkurs czytelniczo &#8211; literacki pt.: ,,Mistrz literatury&#8221;.Uczniowie klas od 4 &#8211; 6 odpowiadali na pytania, \u0142\u0105cz\u0105ce si\u0119 tematycznie z lekturami.<\/p>\n\n\n\n<p>Ostatecznie zaszczytny tytu\u0142 Mistrza Literatury przypad\u0142 uczennicy klasy 4, zdoby\u0142a go Weronika Knot, drugie miejsce zaj\u0119\u0142a uczennica klasy 6 &#8211; Julia Kiepura, trzecie &#8211; ucze\u0144 klasy 6 &#8211; Kacper Krauze.<\/p>\n\n\n\n<p>&nbsp;Uczestnictwo w akcji&nbsp; przypomnia\u0142o wszystkim o wielkiej rado\u015bci, jak\u0105 daje nam czytanie.<\/p>\n\n\n\n<p>Uczniowie naszej szko\u0142y w\u0142\u0105czyli si\u0119 w akcj\u0119 po raz pierwszy.<\/p>\n\n\n\n<p>Ksymena \u017burawska &#8211; nauczyciel bibliotekarz<\/p>\n\n\n\n<p><strong>LAUREACI KONKURS\u00d3W BIBLIOTECZNYCH<\/strong> ,<strong>,Serce dla biblioteki&#8221;<\/strong>&nbsp;&#8211; konkurs literacko &#8211; plastyczny &nbsp; 1 miejsce: Bart\u0142omiej Wojciechowski, kl.1; Cyprian Wojciechowski, kl.3 2 miejsce: Nel J\u00f3zefowska, kl.1 3 miejsce: Patrycja Kiepura, kl.3 &nbsp; ,<strong>,Walentynkowe \u017cyczenia dla ulubionego bohatera literackiego lub pisarza<\/strong>&#8221;&nbsp;&#8211; konkurs czytelniczo &#8211; literacki kategoria: klasy 4 -6 &nbsp; 1 miejsce: Julia Kiepura, kl.6 2 miejsce: Iga Biczak, kl.4 3 miejsce: Julia Noco\u0144, kl.6 &nbsp; kategoria: klasy 7 &#8211; 3 gimnazjum &nbsp; 1 miejsce: Renata Paw\u0142owska, kl.3 gimnazjum 2 miejsce: Marta Janas, kl.7 3 miejsce: Paulina Koci\u0144ska, kl.7 &nbsp; <strong>Laureatom serdecznie gratuluj\u0119 i zapraszam do dalszego udzia\u0142u w konkursach!<\/strong><strong>Nauczyciel bibliotekarz<\/strong><\/p>\n\n\n\n<figure class=\"wp-block-image\"><img decoding=\"async\" src=\"http:\/\/zsbiala.type.pl\/joomla\/images\/MARAT1.png\" alt=\"\"\/><\/figure>\n\n\n\n<p><strong>&nbsp;MARATON CZYTELNICZY<\/strong><\/p>\n\n\n\n<p>W dniu 27 pa\u017adziernika w Szkole Podstawowej w Bia\u0142ej odby\u0142 si\u0119 Maraton Czytelniczy. Uczniowie z klasy sz\u00f3stej, si\u00f3dmej oraz drugiej i trzeciej gimnazjum czytali wybrane fragmenty powie\u015bci Henryka Sienkiewicza pt.: &#8222;W pustyni i w puszczy&#8221;.<\/p>\n\n\n\n<p>Akcja czytelnicza odby\u0142a si\u0119 w zwi\u0105zku z realizacj\u0105 Narodowego Programu Rozwoju Czytelnictwa.<\/p>\n\n\n\n<p>Pierwsz\u0105 osob\u0105, kt\u00f3ra z wyczuciem i w\u0142a\u015bciw\u0105 intonacj\u0105 przeczyta\u0142a tekst by\u0142a Pani Dyrektor&nbsp; &#8211; Ma\u0142gorzata Zander &#8211; Skwarczy\u0144ska.<\/p>\n\n\n\n<p>Po niej czytali zaproszeni go\u015bcie &#8211; radny&nbsp;i so\u0142tys miejscowo\u015bci Bia\u0142a &#8211; p. Zygmunt Be\u0142towski oraz p. Elwira Ka\u0142u\u017ca, reprezentuj\u0105ca Rad\u0119 Rodzic\u00f3w. Uczniowie czytali teksty z du\u017cym zaanga\u017cowaniem.<\/p>\n\n\n\n<p>Oto zwyci\u0119zcy Maratonu:<\/p>\n\n\n\n<p>1 miejsce: Oliwia Sznober, kl.6<\/p>\n\n\n\n<p>2 miejsce: Kacper Rorat, kl.3 gimnazjum<\/p>\n\n\n\n<p>3 miejsce: Oskar \u015awi\u0105cik, kl.7 oraz Bartosz Koci\u0144ski, kl.2 gimnazjum.<\/p>\n\n\n\n<p>Laureaci mog\u0105 czu\u0107 si\u0119 bardzo wyr\u00f3\u017cnieni, bo og\u00f3\u0142em w Maratonie wzi\u0119\u0142o udzia\u0142 trzydziestu dziewi\u0119ciu uczni\u00f3w szko\u0142y. Ocenia\u0142a ich komisja ,z\u0142o\u017cona z uczennic klasy trzeciej gimnazjum. Zwraca\u0142y one uwag\u0119 na dykcj\u0119, intonacj\u0119, interpretacj\u0119 czytanego tekstu oraz oddzia\u0142ywanie czytaj\u0105cego na s\u0142uchaczy.<\/p>\n\n\n\n<p>W dzisiejszych czasach, pe\u0142nych chaosu i po\u015bpiechu, uczniowie ze szko\u0142y w Bia\u0142ej, doskonalili umiej\u0119tno\u015b\u0107 czytania&nbsp;i s\u0142uchania czytanego tekstu. Ca\u0142o\u015b\u0107 akcji koordynowa\u0142a nauczycielka bibliotekarka &#8211; p.Ksymena \u017burawska.<\/p>\n\n\n\n<hr class=\"wp-block-separator\"\/>\n\n\n\n<p><strong>PROMUJEMY CZYTELNICTWO<\/strong><\/p>\n\n\n\n<p>&nbsp;&nbsp;&nbsp;&nbsp;&nbsp;&nbsp;&nbsp;&nbsp;&nbsp;&nbsp; W dniu 20 kwietnia uczennice z gimnazjum w Zespole Szk\u00f3\u0142 w Bia\u0142ej uda\u0142y si\u0119 do Szko\u0142y Podstawowej nr 2 im. Adama Mickiewicza w K\u0142obucku. Celem wizyty by\u0142o czytanie ksi\u0105\u017cek&nbsp;o r\u00f3\u017cnorodnej tematyce uczniom klas drugich, trzecich oraz czwartych. To ju\u017c drugi taki wyjazd. Pierwszy mia\u0142 miejsce rok temu. S\u0142uchaczami czytanych tekst\u00f3w byli wtedy uczniowie klas pierwszych.<\/p>\n\n\n\n<p>W tym roku gimnazjalistki czyta\u0142y uczniom legendy o tematyce europejskiej, ba\u015bnie braci Grimm oraz ci\u0105gle aktualne przygody Miko\u0142ajka. Uczniowie, &nbsp;ucz\u0119szczaj\u0105cy do szko\u0142y, kt\u00f3rej patronem jest s\u0142ynny polski poeta, okazali si\u0119 wdzi\u0119cznymi s\u0142uchaczami i w skupieniu ch\u0142on\u0119li teksty, czytane przez starsze kole\u017canki. Tym samym uczennice ze szko\u0142y w Bia\u0142ej zach\u0119ca\u0142y do czytania czyli promowa\u0142y czytelnictwo. Go\u015bci\u0142a ich mgr Beata D\u0119bowska \u2013 bibliotekarz Szko\u0142y Podstawowej nr 2.<\/p>\n\n\n\n<p>Po wizycie w tej szkole uczennice uda\u0142y si\u0119 do biblioteki gimnazjalnej. Zapozna\u0142y si\u0119<\/p>\n\n\n\n<p>z jej&nbsp; ksi\u0119gozbiorem.<\/p>\n\n\n\n<p>Nast\u0119pnym&nbsp; elementem wyprawy by\u0142o zwiedzanie Biblioteki Publicznej Gminy K\u0142obuck im.J.D\u0142ugosza. Tutaj gimnazjalistki by\u0142y w wypo\u017cyczalni dla dzieci i m\u0142odzie\u017cy oraz dla doros\u0142ych. Po zapoznaniu si\u0119 z ksi\u0119gozbiorem, obejrza\u0142y bogate katalogi biblioteczne: rzeczowy, tytu\u0142owy oraz alfabetyczny.<\/p>\n\n\n\n<p>Uczennicami, kt\u00f3re promowa\u0142y czytelnictwo s\u0105: Aleksandra Poch i Marika \u015aciebura z klasy 1 gimnazjum oraz Renata Paw\u0142owska z klasy drugiej gimnazjum. Inicjatork\u0105 wyjazdu jest mgr Ksymena \u017burawska \u2013 bibliotekarz z Zespo\u0142u Szk\u00f3\u0142 w Bia\u0142ej.&nbsp;<\/p>\n\n\n\n<hr class=\"wp-block-separator\"\/>\n\n\n\n<p><strong>NOWO\u015aCI BIBLIOTECZNE<\/strong><\/p>\n\n\n\n<p>&nbsp;<img loading=\"lazy\" decoding=\"async\" src=\"http:\/\/zsbiala.type.pl\/joomla\/images\/d12.jpg\" width=\"95\" height=\"123\">W naszej bibliotece pojawi\u0142a &nbsp;si\u0119 nowa ksi\u0105\u017cka ,,Tajemnice cudownego obrazu Matki Boskiej Cz\u0119stochowskiej\u201d.<\/p>\n\n\n\n<p>Jest to bardzo ciekawa pozycja, z kt\u00f3rej mo\u017cna dowiedzie\u0107 si\u0119&nbsp; interesuj\u0105cych&nbsp; &nbsp;rzeczy o obrazie Matki Boskiej . Na przyk\u0142ad takich,&nbsp; jak dlaczego twarz &nbsp;Maryi jest smutna<br>i zapatrzona w dal? B\u0105d\u017a dlaczego Maryja ma blizn\u0119 na policzku? Znajdziemy tu tak\u017ce informacje o opisie ikony oraz o uszkodzeniu obrazu wed\u0142ug Jana D\u0142ugosza. Bardzo ciekawy jest rozdzia\u0142 po\u015bwi\u0119cony cudom przy jasnog\u00f3rskim obrazie.<\/p>\n\n\n\n<p>&nbsp;Zach\u0119camy do zapoznania&nbsp; si\u0119&nbsp; z lektur\u0105, poniewa\u017c klasztor jasnog\u00f3rski&nbsp; znajduje si\u0119 bardzo blisko naszej miejscowo\u015bci. W Bia\u0142ej jedna z ulic nosi nawet&nbsp; nazw\u0119:&nbsp;Jasnog\u00f3rska.<\/p>\n\n\n\n<p>Dobrze by\u0142oby, gdyby&nbsp; czytelnicy znali histori\u0119 i wymow\u0119 obrazu, kt\u00f3ry od wiek\u00f3w wpisany jest&nbsp; w nasz\u0105 histori\u0119 i kultur\u0119. &nbsp;<\/p>\n\n\n\n<p>Serdecznie zach\u0119camy do przeczytania tej ksi\u0105\u017cki.&nbsp;<\/p>\n\n\n\n<hr class=\"wp-block-separator\"\/>\n\n\n\n<figure class=\"wp-block-image\"><img decoding=\"async\" src=\"http:\/\/zsbiala.type.pl\/joomla\/images\/info1.jpg\" alt=\"\"\/><\/figure>\n\n\n\n<p><strong>Z WIZYT\u0104 W BIBLIOTECE<\/strong><\/p>\n\n\n\n<p>3 lutego 2017 roku klasa pierwsza gimnazjum uda\u0142a si\u0119&nbsp; wraz z wychowawczyni\u0105, p.Anet\u0105 G\u0119siarz&nbsp;i nauczycielem bibliotekarzem, p.Ksymen\u0105 \u017burawsk\u0105, do Publicznej Biblioteki Pedagogicznej RODN \u201dWom\u201d w Cz\u0119stochowie po to, aby uczestniczy\u0107 w lekcji bibliotecznej.<\/p>\n\n\n\n<p>Jej temat:&nbsp;<strong>\u201eGazetka szkolna \u2013 co to takiego?\u201d<\/strong>.&nbsp;&nbsp;&nbsp;&nbsp;&nbsp;&nbsp;&nbsp;&nbsp;&nbsp;&nbsp;&nbsp;&nbsp;&nbsp;&nbsp;<\/p>\n\n\n\n<p>Uczniowie zapoznali si\u0119 z prezentacj\u0105 multimedialn\u0105, dotycz\u0105c\u0105 gazetki szkolnej. Dzi\u0119ki temu poszerzy\u0142 si\u0119 zakres ich wiedzy merytorycznej, \u0142\u0105cz\u0105cej si\u0119 z zagadnieniem. Zapoznali si\u0119 tak\u017ce&nbsp;z kryteriami oceny gazetek szkolnych podczas Cz\u0119stochowskiego Przegl\u0105du Gazet Szkolnych. Rozwa\u017cali dziennikarskie ABC i elementy etyki dziennikarskiej. Obejrzeli tak\u017ce ciekawe wydawnictwa, dotycz\u0105ce gatek szkolnych oraz bardzo liczne egzemplarze pism gazetkowych.&nbsp;<br>W &nbsp;grupach wype\u0142niali krzy\u017c\u00f3wki o has\u0142ach, zwi\u0105zanych z pras\u0105 oraz wyodr\u0119bniali cechy dobrego dziennikarza.<\/p>\n\n\n\n<p>Ciekawym elementem by\u0142o tak\u017ce obejrzenie biblioteki. Gimnazjali\u015bci odwiedzili czytelni\u0119 naukow\u0105&nbsp;i czasopism, wypo\u017cyczalni\u0119 oraz magazyny biblioteczne. W czytelni du\u017c\u0105 atrakcj\u0105 dla uczni\u00f3w by\u0142o obejrzenie najwi\u0119kszej&nbsp;<br>i najmniejszej ksi\u0105\u017cki.<\/p>\n\n\n\n<p>Gazetk\u0119 szkoln\u0105 mog\u0105 tworzy\u0107 uczniowie, kt\u00f3rzy s\u0105 zaanga\u017cowani emocjonalnie w zagadnienie, posiadaj\u0105&nbsp;<br>te\u017c umiej\u0119tno\u015bci polonistyczne.<\/p>\n\n\n\n<p>Gimnazjali\u015bci zapami\u0119taj\u0105 wiele zagadnie\u0144, przedstawionych w czasie zaj\u0119\u0107.<\/p>\n\n\n\n<p>Lekcj\u0119 prowadzi\u0142a p.Katarzyna Kucharzewska, kt\u00f3ra wcze\u015bniej mia\u0142a &nbsp;w naszej szkole zaj\u0119cia biblioterapeutyczne.<\/p>\n\n\n\n<hr class=\"wp-block-separator\"\/>\n\n\n\n<figure class=\"wp-block-image\"><img decoding=\"async\" src=\"http:\/\/zsbiala.type.pl\/joomla\/images\/12.jpg\" alt=\"\"\/><\/figure>\n\n\n\n<p><strong>\u015aWIATOWY DZIE\u0143 KOTA<\/strong><\/p>\n\n\n\n<p>17 lutego 2017r. w Zespole Szk\u00f3\u0142 w Bia\u0142ej &nbsp;odby\u0142o si\u0119 spotkanie zwi\u0105zane z obchodami \u015awiatowego Dnia Kota, zorganizowane przez pani\u0105 Edyt\u0119 Kilan i pani\u0105 Ksymen\u0119 \u017burawsk\u0105. W tym dniu najwa\u017cniejszymi go\u015b\u0107mi by\u0142y pluszowe koty przyniesione przez dzieci z klas 0, II i III. Poszczeg\u00f3lne klasy zaprezentowa\u0142y swoje pluszowe kotki. Spo\u015br\u00f3d maskotek&nbsp; wybrano najwi\u0119kszego i najmniejszego reprezentanta. Dzieci wys\u0142ucha\u0142y wa\u017cnych informacji o \u017cyciu kot\u00f3w. Pani Ksymena \u017burawska&nbsp; zaprezentowa\u0142a wiele ciekawych pozycji ksi\u0105\u017ckowych o kotach. Dzieci sprawdzi\u0142y swoje umiej\u0119tno\u015bci&nbsp;w odgadywaniu zagadek. &nbsp;<br>Bra\u0142y&nbsp; r\u00f3wnie\u017c udzia\u0142 w licznych zabawach ruchowych.<\/p>\n\n\n\n<hr class=\"wp-block-separator\"\/>\n\n\n\n<p><strong>PROMOCJA KSI\u0104\u017bKI Z ILUSTRACJAMI NASZYCH UCZNI\u00d3W<\/strong><\/p>\n\n\n\n<p><img loading=\"lazy\" decoding=\"async\" src=\"http:\/\/zsbiala.type.pl\/joomla\/images\/info1.jpg\" width=\"113\" height=\"100\">W dniu 16 lutego 2017 roku uczniowie naszej szko\u0142y wraz z rodzicami uczestniczyli w promocji ksi\u0105\u017cki pt.:,, Wiersze dla wszystkich dzieci\u201d. By\u0142a to wyj\u0105tkowa uroczysto\u015b\u0107, bowiem wybrane uczennice ze Szko\u0142y Podstawowej oraz gimnazjali\u015bci stali si\u0119 ilustratorami wierszy. Utwory poetyckie napisali poeci z Klubu Literackiego \u201eFraszka\u201d przy Uniwersytecie Trzeciego Wieku Wydzia\u0142u Zarz\u0105dzania Politechniki Cz\u0119stochowskiej. Oto nasi m\u0142odzi tw\u00f3rcy:<\/p>\n\n\n\n<p>Patrycja Kiepura, kl. 2<\/p>\n\n\n\n<p>Iga Biczak, kl. 3<\/p>\n\n\n\n<p>Julia Kiepura, kl. 5<\/p>\n\n\n\n<p>Oskar B\u0105bi\u0144ski, kl. 1 gimnazjum<\/p>\n\n\n\n<p>Wiktoria K\u0119dziora, kl. 1 gimnazjum<\/p>\n\n\n\n<p>Emilia Kowalik, kl. 1 gimnazjum<\/p>\n\n\n\n<p>Jakub Tomczyk , kl. 1 gimnazjum.<\/p>\n\n\n\n<p>Ca\u0142o\u015b\u0107 imprezy prowadzi\u0142a p. Halina Pa\u0142ka \u2013 przewodnicz\u0105ca Klubu Literackiego.<\/p>\n\n\n\n<p>&nbsp;Promocj\u0119 ksi\u0105\u017cki u\u015bwietni\u0142 swoj\u0105 obecno\u015bci\u0105 Prezydent Miasta Cz\u0119stochowy \u2013 p. Krzysztof Matyjaszczyk. Wyrazi\u0142 on swoje podzi\u0119kowanie&nbsp; dla senior\u00f3w za ich tw\u00f3rczo\u015b\u0107 oraz nadziej\u0119, \u017ce ksi\u0105\u017cka stanie si\u0119 bardzo popularna. Nast\u0119pnie przedstawieni zostali autorzy wierszy. Wszystkich zgromadzonych zainteresowa\u0142a recytacja wybranych utwor\u00f3w i prezentacja ilustracji oraz ich autor\u00f3w. Z dum\u0105 ogl\u0105dali\u015bmy rysunki Julii Kiepury, kt\u00f3re zosta\u0142y wyeksponowane dwukrotnie. By\u0142y to ilustracje do wierszy \u201ePtaszki zim\u0105\u2019\u2019 autorstwa Ma\u0142gorzaty Franc oraz \u201eKot i myszka\u201d Lidii \u017bakowicz \u2013 Ziory.<\/p>\n\n\n\n<p>Ko\u0144cowym elementem uroczysto\u015bci by\u0142o wr\u0119czenie ksi\u0105\u017cek z wierszami m\u0142odym ilustratorom. Obok uczni\u00f3w naszej szko\u0142y byli to uczniowie siedmiu cz\u0119stochowskich szk\u00f3\u0142 oraz zuchy ze szk\u00f3\u0142 w Janowie, Mstowie<br>i Rudnikach. Uczniowie naszej szko\u0142y prosili poet\u00f3w o z\u0142o\u017cenie podpis\u00f3w na stronie tytu\u0142owej podarowanych<br>im egzemplarzy ksi\u0105\u017cek.<\/p>\n\n\n\n<p>Promocja &nbsp;ta pozostanie w pami\u0119ci uczni\u00f3w i rodzic\u00f3w. Dzi\u0119ki uczestniczeniu w niej uczniowie podzielili si\u0119&nbsp;<br>z innymi swoj\u0105 tw\u00f3rczo\u015bci\u0105 plastyczn\u0105. Pozwoli\u0142a ona tak\u017ce na zaprezentowanie &nbsp;naszej szko\u0142y na szerszym forum. Opiekunk\u0105 uczni\u00f3w jest nauczyciel bibliotekarz \u2013 Ksymena \u017burawska, kt\u00f3ra otrzyma\u0142a tak\u017ce egzemplarz ksi\u0105\u017cki z podpisami poet\u00f3w do biblioteki szkolnej.<\/p>\n\n\n\n<hr class=\"wp-block-separator\"\/>\n\n\n\n<figure class=\"wp-block-image\"><img decoding=\"async\" src=\"http:\/\/zsbiala.type.pl\/joomla\/images\/info1.jpg\" alt=\"\"\/><\/figure>\n\n\n\n<p>&nbsp;<strong>WYNIKI KONKURS\u00d3W<\/strong><\/p>\n\n\n\n<p><strong>KSI\u0104\u017bKA NA GWIAZDK\u0118<\/strong><\/p>\n\n\n\n<p><strong>klasy II-III<\/strong><\/p>\n\n\n\n<p>I miejsce K. Wychowska, klasa II<\/p>\n\n\n\n<p>II miejsce L. Piku\u0142a, klasa II<\/p>\n\n\n\n<p>III miejsce O. \u017bak, klasa II<\/p>\n\n\n\n<p><strong>&nbsp;klasy IV-VI<\/strong><\/p>\n\n\n\n<p>J. Kiepura, klasa V<\/p>\n\n\n\n<p><strong>gimnazjum<\/strong><\/p>\n\n\n\n<p>W. K\u0119dziora, klasa I<\/p>\n\n\n\n<hr class=\"wp-block-separator\"\/>\n\n\n\n<p><strong>\u015aWI\u0104TECZNY ANIO\u0141 W NASZEJ CZYTELNI<\/strong><\/p>\n\n\n\n<p>I miejsce K. Wychowska, klasa II<\/p>\n\n\n\n<p>II miejsce M. Zwiazek, klasa II<\/p>\n\n\n\n<p>III miejsce W . Knot, klasa III<\/p>\n\n\n\n<hr class=\"wp-block-separator\"\/>\n\n\n\n<p><strong>Has\u0142o zach\u0119caj\u0105ce do jesiennej lektury<\/strong> 1 miejsce: Emilia Maj, kl.5 2 miejsce: Julia Noco\u0144, kl.5 3 miejsce: Julia Kiepura, kl.5 <strong>Moja ulubiona ksi\u0105\u017cka<\/strong> szko\u0142a podstawowa, klasy 1 &#8211; 3 1 miejsce: Julia Maj, kl.3 2 miejsce: Patrycja Kiepura, kl.2 3 miejsce:, Iga Biczak, kl.3 szko\u0142a podstawowa, klasy 4 &#8211; 6 1 miejsce: Wiktoria Marcinkiewicz, kl.6 2 miejsce: Marta Janas, kl.6 3 miejsce: Paulina Koci\u0144ska, kl.6 gimnazjum 1 miejsce: Szymon G\u0119siarz, kl.1 Oskar B\u0105bi\u0144ski, kl.1 Monika Nowi\u0144ska, kl.3 Izabela Szczepanik, kl.3 2 miejsce: Weronika Noco\u0144, kl.1 Aleksandra Poch, kl.1 3 miejsce: Dawid Rygalik, kl.1 Bartosz Koci\u0144ski, kl.1&nbsp; <strong>Najpi\u0119kniejsza zak\u0142adka ksi\u0105\u017cki<\/strong> 1 miejsce: Wiktoria Marcinkiewicz, kl.6 2 miejsce: Natalia Lechowska, kl.6 3 miejsce: Cyprian B\u0105bi\u0144ski, kl.6 Laureatom serdecznie gratuluj\u0119 i zapraszam wszystkich do brania udzia\u0142u w konkursach!<\/p>\n\n\n\n<hr class=\"wp-block-separator\"\/>\n\n\n\n<figure class=\"wp-block-image\"><img decoding=\"async\" src=\"http:\/\/zsbiala.type.pl\/joomla\/images\/c7e3bd84bb8a25935c79eafbe60523b0.jpg\" alt=\"\"\/><\/figure>\n\n\n\n<p>25 listopada to dzie\u0144, kiedy na \u015bwiecie obchodzimy urodziny pluszowego misia.<br>Taka uroczysto\u015b\u0107 zorganizowana zosta\u0142a w Zespole Szk\u00f3\u0142 w Bia\u0142ej przez pani\u0105 Edyt\u0119 Kilan&nbsp;i pani\u0105 Ksymen\u0119 \u017burawsk\u0105.&nbsp;<\/p>\n\n\n\n<p>W tym&nbsp;dniu najwa\u017cniejszymi go\u015b\u0107mi by\u0142y pluszowe misie przyniesione przez dzieci z klas 0, II i III.&nbsp;W Dniu Pluszowego Misia dzieci sprawdzi\u0142y&nbsp; swoje umiej\u0119tno\u015bci w odgadywaniu zagadek . Na zako\u0144czenie pani Ksymena \u017burawska zach\u0119ci\u0142a dzieci do czytania ksi\u0105\u017cek&nbsp;o przygodach misi\u00f3w.&nbsp;Poszczeg\u00f3lne klasy zaprezentowa\u0142y swoje pluszowe misie. Spo\u015br\u00f3d maskotek&nbsp; wybrano najwi\u0119kszego i&nbsp; najmniejszego reprezentanta. Dzieci wys\u0142ucha\u0142y opowie\u015bci&nbsp;o historii powstania pluszowego misia.&nbsp;<\/p>\n\n\n\n<p>Wsp\u00f3lnie rozstrzygni\u0119to wyniki Szkolnego Konkursu Plastycznego<br>\u201e Portret misia\u201d. <strong>Laureatk\u0105<\/strong> konkursu zosta\u0142a Nadia Krogulec z kl.3 ,&nbsp; <strong>II<\/strong> miejsce zaj\u0119\u0142a Julia Maj,<br>za\u015b <strong>III<\/strong> przypad\u0142o w udziale&nbsp; Idze Biczak.<\/p>\n","protected":false},"excerpt":{"rendered":"<p>Laureaci konkursu &#8222;Moja wakacyjna lektura&#8221; &nbsp; &nbsp; &nbsp; &nbsp; Klasy 1,2: 1 miejsce: Bart\u0142omiej Wojciechowski, klasa 2 2 miejsce: Nikola Mrowiec, klasa2 3 miejsce: Maja Chrz\u0105stek &#8211; Dudek, klasa 2 Klasy 4&nbsp; &#8211; 6: 1 miejsce: Patrycja Kiepura, klasa 4 &hellip; <a href=\"https:\/\/www.zsbiala.pl\/?page_id=134\">Czytaj dalej <span class=\"meta-nav\">&rarr;<\/span><\/a><\/p>\n","protected":false},"author":1,"featured_media":0,"parent":0,"menu_order":0,"comment_status":"closed","ping_status":"closed","template":"","meta":{"footnotes":""},"class_list":["post-134","page","type-page","status-publish","hentry"],"_links":{"self":[{"href":"https:\/\/www.zsbiala.pl\/index.php?rest_route=\/wp\/v2\/pages\/134","targetHints":{"allow":["GET"]}}],"collection":[{"href":"https:\/\/www.zsbiala.pl\/index.php?rest_route=\/wp\/v2\/pages"}],"about":[{"href":"https:\/\/www.zsbiala.pl\/index.php?rest_route=\/wp\/v2\/types\/page"}],"author":[{"embeddable":true,"href":"https:\/\/www.zsbiala.pl\/index.php?rest_route=\/wp\/v2\/users\/1"}],"replies":[{"embeddable":true,"href":"https:\/\/www.zsbiala.pl\/index.php?rest_route=%2Fwp%2Fv2%2Fcomments&post=134"}],"version-history":[{"count":1,"href":"https:\/\/www.zsbiala.pl\/index.php?rest_route=\/wp\/v2\/pages\/134\/revisions"}],"predecessor-version":[{"id":135,"href":"https:\/\/www.zsbiala.pl\/index.php?rest_route=\/wp\/v2\/pages\/134\/revisions\/135"}],"wp:attachment":[{"href":"https:\/\/www.zsbiala.pl\/index.php?rest_route=%2Fwp%2Fv2%2Fmedia&parent=134"}],"curies":[{"name":"wp","href":"https:\/\/api.w.org\/{rel}","templated":true}]}}