{"id":136,"date":"2022-03-03T13:29:58","date_gmt":"2022-03-03T13:29:58","guid":{"rendered":"https:\/\/www.zsbiala.type.pl\/wordpress\/?page_id=136"},"modified":"2022-03-03T13:29:58","modified_gmt":"2022-03-03T13:29:58","slug":"informacje-ogolne","status":"publish","type":"page","link":"https:\/\/www.zsbiala.pl\/?page_id=136","title":{"rendered":"Informacje og\u00f3lne"},"content":{"rendered":"\n<figure class=\"wp-block-image\"><img decoding=\"async\" src=\"http:\/\/zsbiala.type.pl\/joomla\/images\/wp6s3has.gif\" alt=\"\"\/><\/figure>\n\n\n\n<p>Bibliotek\u0119 prowadzi:<\/p>\n\n\n\n<p>Obecnie mgr Ksymena \u017burawska, wcze\u015bniej pracowa\u0142a tutaj mgr Halina Klimza (wieloletni metodyk bibliotek szkolnych)<\/p>\n\n\n\n<p><strong>Informacje og\u00f3lne:<\/strong><\/p>\n\n\n\n<p><strong>Czytelnicy:<\/strong><br>Og\u00f3\u0142em 114 (uczniowie szko\u0142y, nauczyciele, inni pracownicy, absolwenci)<\/p>\n\n\n\n<p><strong>Ksi\u0119gozbi\u00f3r:<\/strong><\/p>\n\n\n\n<p>Ksi\u0119ga A (g\u0142\u00f3wna): 4491 wolumin\u00f3w.<\/p>\n\n\n\n<p>W ksi\u0119gozbiorze znajduj\u0105 si\u0119 tak\u017ce podr\u0119czniki i broszury (Ksi\u0119ga B), podr\u0119czniki dotowane &nbsp;(Ksi\u0119ga B1) oraz zbiory specjalne &nbsp;( Ksi\u0119ga C): kasety magnetofonowe, CD-ROM-y, p\u0142yty CD,&nbsp; p\u0142yty DVD oraz plansze interaktywne.<\/p>\n\n\n\n<p><strong>Konkursy szkolne:<\/strong><br>\u201eMoja wakacyjna lektura\u201d \u2013 k. czytelniczo &#8211; plastyczny<\/p>\n\n\n\n<p>\u201eHas\u0142o zach\u0119caj\u0105ce do jesiennej lektury\u201d \u2013 k. czytelniczo &#8211; literacki<br>\u201eReklama ksi\u0105\u017cki na gwiazdk\u0119\u201d \u2013 k. czytelniczo &#8211; plastyczny<br>\u201e\u015awi\u0105teczny Anio\u0142 w naszej czytelni\u201d \u2013 k. plastyczny<\/p>\n\n\n\n<p>\u201eNajpi\u0119kniejszy cytat\u201d \u2013 k. czytelniczo &#8211; literacki<br>\u201eKonkurs na exlibris biblioteki\u201d \u2013 k. czytelniczo &#8211; plastyczny<br>\u201eWiersz o wio\u015bnie\u201d \u2013 k. czytelniczo &#8211; literacki<br>\u201eWielka Ksi\u0105\u017cka Kucharska\u201d (w ramach programu prozdrowotnego &#8222;Trzymaj Form\u0119&#8221;, obowi\u0105zuj\u0105cego w naszej szkole) \u2013 k. czytelniczo &#8211; plastyczny<br>\u201eWalentynkowe \u017cyczenia dla ulubionego bohatera literackiego lub pisarza\u201d \u2013 k. czytelniczo &#8211; plastyczny<br>\u201eMoja wymarzona biblioteka\u201d \u2013 k. plastyczny<\/p>\n\n\n\n<p>\u201eM\u00f3j ulubiony bohater literacki\u201d \u2013 k. czytelniczo &#8211; literacki<\/p>\n\n\n\n<p>\u201eKsi\u0105\u017cka na wakacje\u201d \u2013 k. czytelniczo &#8211; plastyczny<\/p>\n\n\n\n<p>&nbsp;W bibliotece odby\u0142 si\u0119 tak\u017ce Mi\u0119dzyszkolny Konkurs Krasom\u00f3wczy &#8222;Niezwyk\u0142y czar \u015bwi\u0105t Bo\u017cego Narodzenia&#8221; oraz I i II Powiatowy Konkurs Literacki \u201eOd Szymborskiej do Pulitzera\u201d \u2013 wsp\u00f3\u0142organizowany z p. Anet\u0105 G\u0119siarz, brali\u015bmy tak\u017ce udzia\u0142 w Gminnym Konkursie Plastycznym na \u201ePlakat Promuj\u0105cy Czytelnictwo\u201d, kt\u00f3ry organizowa\u0142a Biblioteka Publiczna Gminy K\u0142obuck.<\/p>\n\n\n\n<p><strong>Praca Pedagogiczna:<\/strong><\/p>\n\n\n\n<p>&#8211; obs\u0142uga czytelnik\u00f3w,<\/p>\n\n\n\n<p>&#8211; tworzenie warunk\u00f3w do poszukiwania i wykorzystywania informacji z&nbsp; r\u00f3\u017cnych \u017ar\u00f3de\u0142,<\/p>\n\n\n\n<p>&#8211; rozwijanie zainteresowa\u0144 czytelniczych uczni\u00f3w \u2013organizowanie imprez, wydarze\u0144, spotka\u0144, akcji czytelniczych &nbsp;oraz r\u00f3\u017cnorodnych konkurs\u00f3w i udzia\u0142 uczni\u00f3w w nich,<\/p>\n\n\n\n<p>&#8211; wspieranie rozwoju i popularyzacji czytelnictwa \u2013 rozbudzanie i rozwijanie indywidualnych zainteresowa\u0144 uczni\u00f3w oraz wyrabianie i pog\u0142\u0119bianie u uczni\u00f3w nawyku czytania i uczenia si\u0119,<\/p>\n\n\n\n<p>&#8211; kszta\u0142towanie w\u0142a\u015bciwych postaw spo\u0142ecznych, moralnych, patriotycznych,<\/p>\n\n\n\n<p>&nbsp;&#8211; promowanie regionalizmu i patriotyzmu,<\/p>\n\n\n\n<p>&#8211; lekcje biblioteczne,<\/p>\n\n\n\n<p>&#8211; wsp\u00f3\u0142praca z nauczycielami,<\/p>\n\n\n\n<p>&#8211; wsp\u00f3\u0142praca z bibliotekami i innymi podmiotami (np.: Towarzystwem Nauczycieli Bibliotekarzy Szk\u00f3\u0142 Polskich Oddzia\u0142 Cz\u0119stochowa),<\/p>\n\n\n\n<p>&#8211; wsp\u00f3\u0142praca z rodzicami w ramach informacji i dzia\u0142alno\u015bci bibliotecznej.<\/p>\n\n\n\n<p>Uczennice dbaj\u0105 o szkoln\u0105 gazetk\u0119 \u201dNasza biblioteka\u201d, na kt\u00f3rej znajduj\u0105 si\u0119 r\u00f3\u017cnorodne materia\u0142y, zwi\u0105zane z czytelnictwem.<\/p>\n\n\n\n<p>Pomagaj\u0105 tak\u017ce w tworzeniu wystawek prac laureat\u00f3w, po zorganizowanych konkursach.<\/p>\n\n\n\n<p>Przed pandemi\u0105 dzia\u0142a\u0142 tak\u017ce, bardzo pr\u0119\u017cnie, aktyw biblioteczny. Aktualnie zosta\u0142 zawieszony.<\/p>\n\n\n\n<p>Nasza wsp\u00f3\u0142praca z bibliotekami, np.: Bibliotek\u0105 Pedagogiczn\u0105 w Cz\u0119stochowie polega\u0142a<\/p>\n\n\n\n<p>na tym, \u017ce udawali\u015bmy si\u0119 tam na lekcje biblioteczne.<\/p>\n\n\n\n<p>Prowadzi\u0142y je dla naszych uczni\u00f3w Panie z biblioteki. Dob\u00f3r temat\u00f3w by\u0142 zawsze bardzo ciekawy i uczniowie byli zainteresowani prezentowanymi zagadnieniami. Dotyczy\u0142y one spraw biblioterapeutycznych, zwi\u0105zanych z lekturami oraz z regionalizmem.<\/p>\n\n\n\n<p><strong>Praca biblioteczno-techniczna:<\/strong><\/p>\n\n\n\n<p>&#8211; gromadzenie i konserwacja zbior\u00f3w,<br>&#8211; opracowanie zbior\u00f3w,<\/p>\n\n\n\n<p>&#8211; przyj\u0119cie na stan biblioteki podr\u0119cznik\u00f3w i opracowanie ich,<br>&#8211; udost\u0119pnienie zbior\u00f3w,<br>&#8211; przygotowanie statystyki dziennej, semestralnej, rocznej.<br>&#8211; ewidencja dar\u00f3w,<br>&#8211; prowadzenie kartoteki tekstowej,<br>&#8211; sporz\u0105dzanie analizy stanu czytelnictwa na Rady Pedagogiczne,<br>&#8211; praca administracyjna.<\/p>\n","protected":false},"excerpt":{"rendered":"<p>Bibliotek\u0119 prowadzi: Obecnie mgr Ksymena \u017burawska, wcze\u015bniej pracowa\u0142a tutaj mgr Halina Klimza (wieloletni metodyk bibliotek szkolnych) Informacje og\u00f3lne: Czytelnicy:Og\u00f3\u0142em 114 (uczniowie szko\u0142y, nauczyciele, inni pracownicy, absolwenci) Ksi\u0119gozbi\u00f3r: Ksi\u0119ga A (g\u0142\u00f3wna): 4491 wolumin\u00f3w. W ksi\u0119gozbiorze znajduj\u0105 si\u0119 tak\u017ce podr\u0119czniki i broszury &hellip; <a href=\"https:\/\/www.zsbiala.pl\/?page_id=136\">Czytaj dalej <span class=\"meta-nav\">&rarr;<\/span><\/a><\/p>\n","protected":false},"author":1,"featured_media":0,"parent":0,"menu_order":0,"comment_status":"closed","ping_status":"closed","template":"","meta":{"footnotes":""},"class_list":["post-136","page","type-page","status-publish","hentry"],"_links":{"self":[{"href":"https:\/\/www.zsbiala.pl\/index.php?rest_route=\/wp\/v2\/pages\/136","targetHints":{"allow":["GET"]}}],"collection":[{"href":"https:\/\/www.zsbiala.pl\/index.php?rest_route=\/wp\/v2\/pages"}],"about":[{"href":"https:\/\/www.zsbiala.pl\/index.php?rest_route=\/wp\/v2\/types\/page"}],"author":[{"embeddable":true,"href":"https:\/\/www.zsbiala.pl\/index.php?rest_route=\/wp\/v2\/users\/1"}],"replies":[{"embeddable":true,"href":"https:\/\/www.zsbiala.pl\/index.php?rest_route=%2Fwp%2Fv2%2Fcomments&post=136"}],"version-history":[{"count":1,"href":"https:\/\/www.zsbiala.pl\/index.php?rest_route=\/wp\/v2\/pages\/136\/revisions"}],"predecessor-version":[{"id":137,"href":"https:\/\/www.zsbiala.pl\/index.php?rest_route=\/wp\/v2\/pages\/136\/revisions\/137"}],"wp:attachment":[{"href":"https:\/\/www.zsbiala.pl\/index.php?rest_route=%2Fwp%2Fv2%2Fmedia&parent=136"}],"curies":[{"name":"wp","href":"https:\/\/api.w.org\/{rel}","templated":true}]}}