{"id":146,"date":"2022-03-03T13:38:08","date_gmt":"2022-03-03T13:38:08","guid":{"rendered":"https:\/\/www.zsbiala.type.pl\/wordpress\/?page_id=146"},"modified":"2023-09-29T11:55:05","modified_gmt":"2023-09-29T11:55:05","slug":"zebrania","status":"publish","type":"page","link":"https:\/\/www.zsbiala.pl\/?page_id=146","title":{"rendered":"ZEBRANIA Z RODZICAMI"},"content":{"rendered":"\n<p class=\"has-text-align-center has-medium-font-size\">W dniu 18 wrze\u015bnia 2023 r. (poniedzia\u0142ek) odb\u0119d\u0105 si\u0119 zebrania z Rodzicami wed\u0142ug nast\u0119puj\u0105cego harmonogramu:<\/p>\n\n\n\n<p class=\"has-text-align-center has-medium-font-size\">godz. 16.00 &#8211; oddzia\u0142 przedszkolny &#8211; pani Aleksandra J\u0119dryszczak sala nr 1<\/p>\n\n\n\n<p class=\"has-text-align-center has-medium-font-size\">godz. 16.30 klasy I-III<br>kl. I &#8211; Pani Agnieszka Bachniak sala nr 2<br>kl. II &#8211; Pani Marzena Jagoda sala nr 3<br>kl. III &#8211; Pani Edyta Kilan sala nr 9<\/p>\n\n\n\n<p class=\"has-text-align-center has-medium-font-size\">godz. 17.00 klasy IV-VII<br>kl. IV &#8211; Pani Urszula Kowalczyk sala nr 17<br>kl. V &#8211; Pani Aleksandra Lesik-Z\u0105bkowska sala nr 15<br>kl. VI &#8211; Pani Gra\u017cyna Bednarek sala nr 8<br>kl. VII &#8211; Pani Aneta G\u0119siarz sala nr 16<\/p>\n\n\n\n<p class=\"has-text-align-center has-medium-font-size\">17.30 zebranie przedstawicieli Rady oddzia\u0142owej &#8211; Rady Rodzic\u00f3w <br>z Dyrektorem Szko\u0142y<\/p>\n\n\n\n<p class=\"has-text-align-center has-medium-font-size\">Serdecznie zapraszam<br>Dyrektor Szko\u0142y<br>Ma\u0142gorzata Zander-Skwarczy\u0144ska<\/p>\n\n\n\n<p><strong>Harmonogram zebra\u0144 i konsultacji dla Rodzic\u00f3w w roku szkolnym 2022\/2023<\/strong><\/p>\n\n\n\n<p>21 marzec 2023 r. &#8211; Zebranie z Rodzicami<\/p>\n\n\n\n<p><strong>Harmonogram zebra\u0144 i konsultacji dla Rodzic\u00f3w w roku szkolnym 2021\/2022<\/strong><\/p>\n\n\n\n<p>&nbsp;15 wrze\u015bnia 2021 r. &#8211; Zebranie z Rodzicami<\/p>\n\n\n\n<p>15 listopada 2021 r. &#8211; Konsultacje dla Rodzic\u00f3w<\/p>\n\n\n\n<p>16 grudnia 2021 r. &#8211; Zebranie z Rodzicami<\/p>\n\n\n\n<p>17 stycznia 2022 r. &#8211; Zebranie z Rodzicami<\/p>\n\n\n\n<p>16 marca 2022 r. &#8211;&nbsp; Konsultacje z Rodzicami<\/p>\n\n\n\n<p>21 kwietnia 2022 r. &#8211; Konsultacje dla Rodzic\u00f3w<\/p>\n\n\n\n<p>17 maja 2022 r. &#8211; Zebranie z Rodzicami<\/p>\n","protected":false},"excerpt":{"rendered":"<p>W dniu 18 wrze\u015bnia 2023 r. (poniedzia\u0142ek) odb\u0119d\u0105 si\u0119 zebrania z Rodzicami wed\u0142ug nast\u0119puj\u0105cego harmonogramu: godz. 16.00 &#8211; oddzia\u0142 przedszkolny &#8211; pani Aleksandra J\u0119dryszczak sala nr 1 godz. 16.30 klasy I-IIIkl. I &#8211; Pani Agnieszka Bachniak sala nr 2kl. II &hellip; <a href=\"https:\/\/www.zsbiala.pl\/?page_id=146\">Czytaj dalej <span class=\"meta-nav\">&rarr;<\/span><\/a><\/p>\n","protected":false},"author":1,"featured_media":0,"parent":0,"menu_order":0,"comment_status":"closed","ping_status":"closed","template":"","meta":{"footnotes":""},"class_list":["post-146","page","type-page","status-publish","hentry"],"_links":{"self":[{"href":"https:\/\/www.zsbiala.pl\/index.php?rest_route=\/wp\/v2\/pages\/146","targetHints":{"allow":["GET"]}}],"collection":[{"href":"https:\/\/www.zsbiala.pl\/index.php?rest_route=\/wp\/v2\/pages"}],"about":[{"href":"https:\/\/www.zsbiala.pl\/index.php?rest_route=\/wp\/v2\/types\/page"}],"author":[{"embeddable":true,"href":"https:\/\/www.zsbiala.pl\/index.php?rest_route=\/wp\/v2\/users\/1"}],"replies":[{"embeddable":true,"href":"https:\/\/www.zsbiala.pl\/index.php?rest_route=%2Fwp%2Fv2%2Fcomments&post=146"}],"version-history":[{"count":5,"href":"https:\/\/www.zsbiala.pl\/index.php?rest_route=\/wp\/v2\/pages\/146\/revisions"}],"predecessor-version":[{"id":2601,"href":"https:\/\/www.zsbiala.pl\/index.php?rest_route=\/wp\/v2\/pages\/146\/revisions\/2601"}],"wp:attachment":[{"href":"https:\/\/www.zsbiala.pl\/index.php?rest_route=%2Fwp%2Fv2%2Fmedia&parent=146"}],"curies":[{"name":"wp","href":"https:\/\/api.w.org\/{rel}","templated":true}]}}