{"id":28,"date":"2022-01-17T18:33:34","date_gmt":"2022-01-17T18:33:34","guid":{"rendered":"https:\/\/www.zsbiala.type.pl\/wordpress\/?page_id=28"},"modified":"2023-03-06T09:50:51","modified_gmt":"2023-03-06T09:50:51","slug":"nabor-elektroniczny","status":"publish","type":"page","link":"https:\/\/www.zsbiala.pl\/?page_id=28","title":{"rendered":"Nab\u00f3r elektroniczny do szk\u00f3\u0142 ponadpodstawowych"},"content":{"rendered":"\n<p>Nab\u00f3r elektroniczny &#8211; informacje dla ucznia<\/p>\n\n\n\n<p><a href=\"https:\/\/slaskie.edu.com.pl\/kandydat\/app\/index.html\" target=\"_blank\" rel=\"noopener\">Logowanie do systemu vEdukacja<\/a><\/p>\n","protected":false},"excerpt":{"rendered":"<p>Nab\u00f3r elektroniczny &#8211; informacje dla ucznia Logowanie do systemu vEdukacja<\/p>\n","protected":false},"author":1,"featured_media":0,"parent":0,"menu_order":0,"comment_status":"closed","ping_status":"closed","template":"","meta":{"footnotes":""},"class_list":["post-28","page","type-page","status-publish","hentry"],"_links":{"self":[{"href":"https:\/\/www.zsbiala.pl\/index.php?rest_route=\/wp\/v2\/pages\/28","targetHints":{"allow":["GET"]}}],"collection":[{"href":"https:\/\/www.zsbiala.pl\/index.php?rest_route=\/wp\/v2\/pages"}],"about":[{"href":"https:\/\/www.zsbiala.pl\/index.php?rest_route=\/wp\/v2\/types\/page"}],"author":[{"embeddable":true,"href":"https:\/\/www.zsbiala.pl\/index.php?rest_route=\/wp\/v2\/users\/1"}],"replies":[{"embeddable":true,"href":"https:\/\/www.zsbiala.pl\/index.php?rest_route=%2Fwp%2Fv2%2Fcomments&post=28"}],"version-history":[{"count":4,"href":"https:\/\/www.zsbiala.pl\/index.php?rest_route=\/wp\/v2\/pages\/28\/revisions"}],"predecessor-version":[{"id":2420,"href":"https:\/\/www.zsbiala.pl\/index.php?rest_route=\/wp\/v2\/pages\/28\/revisions\/2420"}],"wp:attachment":[{"href":"https:\/\/www.zsbiala.pl\/index.php?rest_route=%2Fwp%2Fv2%2Fmedia&parent=28"}],"curies":[{"name":"wp","href":"https:\/\/api.w.org\/{rel}","templated":true}]}}