{"id":49,"date":"2022-02-20T15:26:28","date_gmt":"2022-02-20T15:26:28","guid":{"rendered":"https:\/\/www.zsbiala.type.pl\/wordpress\/?page_id=49"},"modified":"2024-08-14T12:51:25","modified_gmt":"2024-08-14T12:51:25","slug":"dokumenty-szkolne-2","status":"publish","type":"page","link":"https:\/\/www.zsbiala.pl\/?page_id=49","title":{"rendered":"Dokumenty szkolne"},"content":{"rendered":"\n<h2 class=\"wp-block-heading\">Standardy ochrony ma\u0142oletnich w Szkole Podstawowej w Bia\u0142ej &#8211;<\/h2>\n\n\n\n<h2 class=\"wp-block-heading\"><a href=\"https:\/\/www.zsbiala.pl\/wp-content\/uploads\/2024\/08\/Standardy-Ochrony-Maloletnich-w-Szkole-Podstawowej-w-Bialej.pdf\" data-type=\"URL\" data-id=\"https:\/\/www.zsbiala.pl\/wp-content\/uploads\/2024\/08\/Standardy-Ochrony-Maloletnich-w-Szkole-Podstawowej-w-Bialej.pdf\" target=\"_blank\" rel=\"noreferrer noopener\">pobierz<\/a><\/h2>\n\n\n\n<h2 class=\"wp-block-heading\">Standardy ochrony ma\u0142oletnich w Szkole Podstawowej w Bia\u0142ej &#8211; Za\u0142\u0105czniki &#8211; <a href=\"https:\/\/www.zsbiala.pl\/wp-content\/uploads\/2024\/08\/Zalaczniki-do-Standardow-ochrony-maloletnich-w-Szkole-Podstawowej-w-Bialej.pdf\">pobierz<\/a><\/h2>\n\n\n\n<h2 class=\"wp-block-heading\">Statut szko\u0142y &#8211; <a href=\"https:\/\/www.zsbiala.type.pl\/wordpress\/wp-content\/uploads\/2022\/03\/STATUT-Szkoly-Podstawowej-w-Bialej-tekst-jednolity.pdf\" target=\"_blank\" rel=\"noreferrer noopener\">pobierz<\/a><\/h2>\n\n\n\n<h2 class=\"wp-block-heading\">Program wychowawczo-profilaktyczny Szko\u0142y Podstawowej w Bia\u0142ej 2022\/2023 &#8211; <a href=\"https:\/\/www.zsbiala.pl\/wp-content\/uploads\/2023\/03\/SSkan23032110340-2.pdf\" data-type=\"URL\" data-id=\"https:\/\/www.zsbiala.pl\/wp-content\/uploads\/2023\/03\/SSkan23032110340-2.pdf\" target=\"_blank\" rel=\"noreferrer noopener\">pobierz<\/a><\/h2>\n\n\n\n<h2 class=\"wp-block-heading\">Program wychowawczo-profilaktyczny Szko\u0142y Podstawowej w Bia\u0142ej&nbsp; 2021\/22 &#8211;<a rel=\"noreferrer noopener\" href=\"https:\/\/www.zsbiala.type.pl\/wordpress\/wp-content\/uploads\/2022\/03\/SSkan22011213420-1.pdf\" target=\"_blank\"> pobierz<\/a><\/h2>\n","protected":false},"excerpt":{"rendered":"<p>Standardy ochrony ma\u0142oletnich w Szkole Podstawowej w Bia\u0142ej &#8211; pobierz Standardy ochrony ma\u0142oletnich w Szkole Podstawowej w Bia\u0142ej &#8211; Za\u0142\u0105czniki &#8211; pobierz Statut szko\u0142y &#8211; pobierz Program wychowawczo-profilaktyczny Szko\u0142y Podstawowej w Bia\u0142ej 2022\/2023 &#8211; pobierz Program wychowawczo-profilaktyczny Szko\u0142y Podstawowej w &hellip; <a href=\"https:\/\/www.zsbiala.pl\/?page_id=49\">Czytaj dalej <span class=\"meta-nav\">&rarr;<\/span><\/a><\/p>\n","protected":false},"author":3,"featured_media":0,"parent":0,"menu_order":0,"comment_status":"closed","ping_status":"closed","template":"","meta":{"footnotes":""},"class_list":["post-49","page","type-page","status-publish","hentry"],"_links":{"self":[{"href":"https:\/\/www.zsbiala.pl\/index.php?rest_route=\/wp\/v2\/pages\/49","targetHints":{"allow":["GET"]}}],"collection":[{"href":"https:\/\/www.zsbiala.pl\/index.php?rest_route=\/wp\/v2\/pages"}],"about":[{"href":"https:\/\/www.zsbiala.pl\/index.php?rest_route=\/wp\/v2\/types\/page"}],"author":[{"embeddable":true,"href":"https:\/\/www.zsbiala.pl\/index.php?rest_route=\/wp\/v2\/users\/3"}],"replies":[{"embeddable":true,"href":"https:\/\/www.zsbiala.pl\/index.php?rest_route=%2Fwp%2Fv2%2Fcomments&post=49"}],"version-history":[{"count":25,"href":"https:\/\/www.zsbiala.pl\/index.php?rest_route=\/wp\/v2\/pages\/49\/revisions"}],"predecessor-version":[{"id":3245,"href":"https:\/\/www.zsbiala.pl\/index.php?rest_route=\/wp\/v2\/pages\/49\/revisions\/3245"}],"wp:attachment":[{"href":"https:\/\/www.zsbiala.pl\/index.php?rest_route=%2Fwp%2Fv2%2Fmedia&parent=49"}],"curies":[{"name":"wp","href":"https:\/\/api.w.org\/{rel}","templated":true}]}}