{"id":96,"date":"2022-03-03T10:40:37","date_gmt":"2022-03-03T10:40:37","guid":{"rendered":"https:\/\/www.zsbiala.type.pl\/wordpress\/?page_id=96"},"modified":"2025-03-17T10:44:43","modified_gmt":"2025-03-17T10:44:43","slug":"rada-rodzicow","status":"publish","type":"page","link":"https:\/\/www.zsbiala.pl\/?page_id=96","title":{"rendered":"Rada Rodzic\u00f3w"},"content":{"rendered":"\n<h3 class=\"has-text-align-center wp-block-heading\"><strong>Rok szkolny 2024\/2025<\/strong><\/h3>\n\n\n\n<p>Przewodnicz\u0105ca Rady Rodzic\u00f3w: Wioleta Adamus &#8211; Drzastwa<\/p>\n\n\n\n<p>Zast\u0119pca przewodnicz\u0105cej  Rady Rodzic\u00f3w: Agnieszka Urba\u0144czyk<\/p>\n\n\n\n<p>Sekretarz Rady Rodzic\u00f3w: Katarzyna Kawalec<\/p>\n\n\n\n<p>Skarbnik Rady Rodzic\u00f3w: Ewelina Pilawka<\/p>\n\n\n\n<p>Cz\u0142onkowie Rady Rodzic\u00f3w:<\/p>\n\n\n\n<p>Inez Wolniak<\/p>\n\n\n\n<p>Ewelina Swodczyk<\/p>\n\n\n\n<p>Aneta Kowalczyk &#8211; Kuli\u0144ska<\/p>\n\n\n\n<p>Katarzyna Bawor &#8211; Ka\u017amierczak<\/p>\n\n\n\n<p>Edyta Ligus <\/p>\n\n\n\n<h3 class=\"has-text-align-center wp-block-heading\"><strong>Rok szkolny 2023\/2024<\/strong><\/h3>\n\n\n\n<p>Przewodnicz\u0105cy Rady Rodzic\u00f3w: Tomasz Ry\u015b<\/p>\n\n\n\n<p>Zast\u0119pca przewodnicz\u0105cego Rady Rodzic\u00f3w: Marek Szafer<\/p>\n\n\n\n<p>Sekretarz Rady Rodzic\u00f3w: Wioleta Adamus \u2013 Drzastwa<\/p>\n\n\n\n<p>Skarbnik Rady Rodzic\u00f3w: \u0141ukasz Polak<\/p>\n\n\n\n<p>Cz\u0142onkowie Rady Rady Rodzic\u00f3w:<\/p>\n\n\n\n<p>Anna Paw\u0142owska<\/p>\n\n\n\n<p>Magdalena Nowak<\/p>\n\n\n\n<p>Sylwia Dylewska<\/p>\n\n\n\n<p>Aleksandra Sobota<\/p>\n\n\n\n<p class=\"has-text-align-center\"><strong>Rok szkolny 2022\/2023<\/strong><\/p>\n\n\n\n<p>Przewodnicz\u0105cy Rady Rodzic\u00f3w: Tomasz Ry\u015b<\/p>\n\n\n\n<p>Zast\u0119pca przewodnicz\u0105cego Rady Rodzic\u00f3w: Marta Kruczy\u0144ska <\/p>\n\n\n\n<p>Sekretarz Rady Rodzic\u00f3w: Wioleta Adamus \u2013 Drzastwa <\/p>\n\n\n\n<p>Skarbnik Rady Rodzic\u00f3w: Sylwia Szafer<\/p>\n\n\n\n<p>Cz\u0142onkowie Rady Rady Rodzic\u00f3w: <\/p>\n\n\n\n<p>Kamila Ry\u015b <\/p>\n\n\n\n<p>Marek Szafer <\/p>\n\n\n\n<p>Justyna Chorub<\/p>\n\n\n\n<p>Anna Paw\u0142owska<\/p>\n\n\n\n<p><\/p>\n","protected":false},"excerpt":{"rendered":"<p>Rok szkolny 2024\/2025 Przewodnicz\u0105ca Rady Rodzic\u00f3w: Wioleta Adamus &#8211; Drzastwa Zast\u0119pca przewodnicz\u0105cej Rady Rodzic\u00f3w: Agnieszka Urba\u0144czyk Sekretarz Rady Rodzic\u00f3w: Katarzyna Kawalec Skarbnik Rady Rodzic\u00f3w: Ewelina Pilawka Cz\u0142onkowie Rady Rodzic\u00f3w: Inez Wolniak Ewelina Swodczyk Aneta Kowalczyk &#8211; Kuli\u0144ska Katarzyna Bawor &#8211; &hellip; <a href=\"https:\/\/www.zsbiala.pl\/?page_id=96\">Czytaj dalej <span class=\"meta-nav\">&rarr;<\/span><\/a><\/p>\n","protected":false},"author":1,"featured_media":0,"parent":0,"menu_order":0,"comment_status":"closed","ping_status":"closed","template":"","meta":{"footnotes":""},"class_list":["post-96","page","type-page","status-publish","hentry"],"_links":{"self":[{"href":"https:\/\/www.zsbiala.pl\/index.php?rest_route=\/wp\/v2\/pages\/96","targetHints":{"allow":["GET"]}}],"collection":[{"href":"https:\/\/www.zsbiala.pl\/index.php?rest_route=\/wp\/v2\/pages"}],"about":[{"href":"https:\/\/www.zsbiala.pl\/index.php?rest_route=\/wp\/v2\/types\/page"}],"author":[{"embeddable":true,"href":"https:\/\/www.zsbiala.pl\/index.php?rest_route=\/wp\/v2\/users\/1"}],"replies":[{"embeddable":true,"href":"https:\/\/www.zsbiala.pl\/index.php?rest_route=%2Fwp%2Fv2%2Fcomments&post=96"}],"version-history":[{"count":6,"href":"https:\/\/www.zsbiala.pl\/index.php?rest_route=\/wp\/v2\/pages\/96\/revisions"}],"predecessor-version":[{"id":3268,"href":"https:\/\/www.zsbiala.pl\/index.php?rest_route=\/wp\/v2\/pages\/96\/revisions\/3268"}],"wp:attachment":[{"href":"https:\/\/www.zsbiala.pl\/index.php?rest_route=%2Fwp%2Fv2%2Fmedia&parent=96"}],"curies":[{"name":"wp","href":"https:\/\/api.w.org\/{rel}","templated":true}]}}