{"id":98,"date":"2022-03-03T10:42:07","date_gmt":"2022-03-03T10:42:07","guid":{"rendered":"https:\/\/www.zsbiala.type.pl\/wordpress\/?page_id=98"},"modified":"2023-03-14T18:16:58","modified_gmt":"2023-03-14T18:16:58","slug":"osiagniecia","status":"publish","type":"page","link":"https:\/\/www.zsbiala.pl\/?page_id=98","title":{"rendered":"Osi\u0105gni\u0119cia"},"content":{"rendered":"\n<h2 class=\"wp-block-heading\">Konkurs Kol\u0119d i Pastora\u0142ek<\/h2>\n\n\n\n<p> V Mi\u0119dzyszkolny Konkursie Kol\u0119d i Pastora\u0142ek &#8222;Kol\u0119dowa\u0107 Ma\u0142emu&#8221; organizowany przez Publiczn\u0105 Szko\u0142\u0119 Podstawow\u0105 SPSK w Lgocie. Nasi reprezentanci z przedszkola uzyskali nast\u0119puj\u0105ce wyniki:<\/p>\n\n\n\n<p>Oliwia Soboniak, Antoni Kuli\u0144ski II miejsce, <br>Stanis\u0142aw Duleba III miejsce.<\/p>\n\n\n\n<p>Serdecznie gratulujemy! Brawo\ud83d\udc4f\ud83d\udc4f\ud83d\udc4f \u017byczymy kolejnych sukces\u00f3w\ud83d\ude0a\ud83d\udc4d<\/p>\n\n\n\n<h2 class=\"wp-block-heading\">Stypendia Burmistrza 2021<\/h2>\n\n\n\n<p> Mi\u0142osz G\u0119siarz kl. 6<br>Szymon Polak kl.5<\/p>\n\n\n\n<p><\/p>\n\n\n\n<p> <strong>KONKURS PIE\u015aNI PIATRIOTYCZNEJ<\/strong><\/p>\n\n\n\n<p>III Gminny Konkursy Pie\u015bni Patriotycznej pt.&#8221;Tobie Polsko \u015bpiewamy&#8221; zorganizowany przez Przedszkole Gminne Nr 1 w K\u0142obucku. <\/p>\n\n\n\n<p>Oliwia Soboniak zaj\u0119\u0142a II miejsce wykonuj\u0105c &#8222;Piosenk\u0119 ma\u0142ego patrioty&#8221; <\/p>\n\n\n\n<p>Adam Dylewski za wykonanie pie\u015bni &#8222;Przybyli u\u0142ani pod okienko&#8221; zdoby\u0142 Wyr\u00f3\u017cnienie I. Jeste\u015bmy z Was dumni, gratulujemy Wam i \u017cyczymy dalszych sukces\u00f3w. <img loading=\"lazy\" decoding=\"async\" width=\"16\" height=\"16\" src=\"https:\/\/static.xx.fbcdn.net\/images\/emoji.php\/v9\/tfe\/1\/16\/1f44f.png\" alt=\"\ud83d\udc4f\"><img loading=\"lazy\" decoding=\"async\" width=\"16\" height=\"16\" src=\"https:\/\/static.xx.fbcdn.net\/images\/emoji.php\/v9\/tfe\/1\/16\/1f44f.png\" alt=\"\ud83d\udc4f\"><img loading=\"lazy\" decoding=\"async\" width=\"16\" height=\"16\" src=\"https:\/\/static.xx.fbcdn.net\/images\/emoji.php\/v9\/tfe\/1\/16\/1f44f.png\" alt=\"\ud83d\udc4f\"><img loading=\"lazy\" decoding=\"async\" width=\"16\" height=\"16\" src=\"https:\/\/static.xx.fbcdn.net\/images\/emoji.php\/v9\/t7e\/1\/16\/1f3a4.png\" alt=\"\ud83c\udfa4\"><img loading=\"lazy\" decoding=\"async\" width=\"16\" height=\"16\" src=\"https:\/\/static.xx.fbcdn.net\/images\/emoji.php\/v9\/tcc\/1\/16\/1f3bc.png\" alt=\"\ud83c\udfbc\"><img loading=\"lazy\" decoding=\"async\" width=\"16\" height=\"16\" src=\"https:\/\/static.xx.fbcdn.net\/images\/emoji.php\/v9\/t9e\/1\/16\/1f3b5.png\" alt=\"\ud83c\udfb5\"><img loading=\"lazy\" decoding=\"async\" width=\"16\" height=\"16\" src=\"https:\/\/static.xx.fbcdn.net\/images\/emoji.php\/v9\/t1f\/1\/16\/1f3b6.png\" alt=\"\ud83c\udfb6\"> <\/p>\n\n\n\n<p><\/p>\n\n\n\n<h2 class=\"wp-block-heading\"><strong>KONKURS PIOSENKI PIATRIOTYCZNEJ<\/strong><\/h2>\n\n\n\n<p>Gminny Konkurs Piosenki Patriotycznej zorganizowany przez Szko\u0142\u0119 Podstawow\u0105 Nr 3 w K\u0142obucku. <\/p>\n\n\n\n<p><strong>II miejsce<\/strong> Marta Kieura       <\/p>\n\n\n\n<h2 class=\"wp-block-heading\"><strong>KONKURS DENDROLOGICZNY<\/strong><\/h2>\n\n\n\n<p>XII edycja Gminnego Konkursu Dendrologicznego dla Przedszkolak\u00f3w zorganizowana przez Ko\u0142o LOP dzia\u0142aj\u0105ce w Przedszkolu Gminnym Nr 2 w K\u0142obucku. <\/p>\n\n\n\n<p><strong>III miejsce<\/strong> Adam Dylewski i Hania Zwi\u0105zek<\/p>\n\n\n\n<h2 class=\"has-text-align-center wp-block-heading\"><strong>Rok szkolny 2021\/2022<\/strong><\/h2>\n\n\n\n<p class=\"has-text-align-center\"><\/p>\n\n\n\n<p><\/p>\n","protected":false},"excerpt":{"rendered":"<p>Konkurs Kol\u0119d i Pastora\u0142ek V Mi\u0119dzyszkolny Konkursie Kol\u0119d i Pastora\u0142ek &#8222;Kol\u0119dowa\u0107 Ma\u0142emu&#8221; organizowany przez Publiczn\u0105 Szko\u0142\u0119 Podstawow\u0105 SPSK w Lgocie. Nasi reprezentanci z przedszkola uzyskali nast\u0119puj\u0105ce wyniki: Oliwia Soboniak, Antoni Kuli\u0144ski II miejsce, Stanis\u0142aw Duleba III miejsce. Serdecznie gratulujemy! Brawo\ud83d\udc4f\ud83d\udc4f\ud83d\udc4f &hellip; <a href=\"https:\/\/www.zsbiala.pl\/?page_id=98\">Czytaj dalej <span class=\"meta-nav\">&rarr;<\/span><\/a><\/p>\n","protected":false},"author":1,"featured_media":0,"parent":0,"menu_order":0,"comment_status":"closed","ping_status":"closed","template":"","meta":{"footnotes":""},"class_list":["post-98","page","type-page","status-publish","hentry"],"_links":{"self":[{"href":"https:\/\/www.zsbiala.pl\/index.php?rest_route=\/wp\/v2\/pages\/98","targetHints":{"allow":["GET"]}}],"collection":[{"href":"https:\/\/www.zsbiala.pl\/index.php?rest_route=\/wp\/v2\/pages"}],"about":[{"href":"https:\/\/www.zsbiala.pl\/index.php?rest_route=\/wp\/v2\/types\/page"}],"author":[{"embeddable":true,"href":"https:\/\/www.zsbiala.pl\/index.php?rest_route=\/wp\/v2\/users\/1"}],"replies":[{"embeddable":true,"href":"https:\/\/www.zsbiala.pl\/index.php?rest_route=%2Fwp%2Fv2%2Fcomments&post=98"}],"version-history":[{"count":9,"href":"https:\/\/www.zsbiala.pl\/index.php?rest_route=\/wp\/v2\/pages\/98\/revisions"}],"predecessor-version":[{"id":2475,"href":"https:\/\/www.zsbiala.pl\/index.php?rest_route=\/wp\/v2\/pages\/98\/revisions\/2475"}],"wp:attachment":[{"href":"https:\/\/www.zsbiala.pl\/index.php?rest_route=%2Fwp%2Fv2%2Fmedia&parent=98"}],"curies":[{"name":"wp","href":"https:\/\/api.w.org\/{rel}","templated":true}]}}